{"id":1163,"date":"2016-07-29T12:11:55","date_gmt":"2016-07-29T10:11:55","guid":{"rendered":"https:\/\/www.hoteluniversal.net\/pagina-di-esempio\/"},"modified":"2018-12-07T17:27:30","modified_gmt":"2018-12-07T16:27:30","slug":"pagina-di-esempio","status":"publish","type":"page","link":"https:\/\/www.hoteluniversal.net\/de\/","title":{"rendered":"Universal Hotel 2 Sterne in Riccione"},"content":{"rendered":"<p><strong>Seit 1980<\/strong> Faetani Familie und Patrignani schafft mit Leidenschaft <strong>das Universal Hotel in Riccione..<\/strong><br \/>\n<strong class=\"blu\">Sauro, Claudia, Rosina, David, Lukas und Sarah<\/strong> begr\u00fc\u00dfen Sie f\u00fcr insgesamt Wellness-Urlaub von dem, was Sie in der Tabelle.<br \/>\nDiese <strong>gro\u00dfe Familie von authentischen l\u00e4ndlichen<\/strong> Wurzeln l\u00e4dt die Frische und Echtheit von Produkten gewachsen zu genie\u00dfen.<br \/>\n<strong class=\"blu\">Im Hotel Universal sind Sie in einem ruhigen, gr\u00fcnen Gegend von Riccione, nur 300 Meter vom Strand und 5 Minuten vom Kurzentrum.<\/strong><\/p>\n<p>Ihr Aufenthalt hier ist mit besonderen Momente in der Gesellschaft von Menschen bereichert Sie lieben.<\/p>\n","protected":false},"excerpt":{"rendered":"<p>Seit 1980 Faetani Familie und Patrignani schafft mit Leidenschaft das Universal Hotel in Riccione.. Sauro, Claudia, Rosina, David, Lukas und Sarah begr\u00fc\u00dfen Sie f\u00fcr insgesamt Wellness-Urlaub von dem, was Sie in der Tabelle. Diese gro\u00dfe Familie von authentischen l\u00e4ndlichen Wurzeln l\u00e4dt die Frische und Echtheit von Produkten gewachsen zu genie\u00dfen. Im Hotel Universal sind Sie in einem ruhigen, gr\u00fcnen Gegend von Riccione, nur 300 Meter vom Strand und 5 Minuten &#8230;<\/p>\n","protected":false},"author":1,"featured_media":0,"parent":0,"menu_order":0,"comment_status":"closed","ping_status":"closed","template":"","meta":{"_acf_changed":false},"class_list":["post-1163","page","type-page","status-publish","hentry"],"acf":[],"_links":{"self":[{"href":"https:\/\/www.hoteluniversal.net\/de\/wp-json\/wp\/v2\/pages\/1163","targetHints":{"allow":["GET"]}}],"collection":[{"href":"https:\/\/www.hoteluniversal.net\/de\/wp-json\/wp\/v2\/pages"}],"about":[{"href":"https:\/\/www.hoteluniversal.net\/de\/wp-json\/wp\/v2\/types\/page"}],"author":[{"embeddable":true,"href":"https:\/\/www.hoteluniversal.net\/de\/wp-json\/wp\/v2\/users\/1"}],"replies":[{"embeddable":true,"href":"https:\/\/www.hoteluniversal.net\/de\/wp-json\/wp\/v2\/comments?post=1163"}],"version-history":[{"count":0,"href":"https:\/\/www.hoteluniversal.net\/de\/wp-json\/wp\/v2\/pages\/1163\/revisions"}],"wp:attachment":[{"href":"https:\/\/www.hoteluniversal.net\/de\/wp-json\/wp\/v2\/media?parent=1163"}],"curies":[{"name":"wp","href":"https:\/\/api.w.org\/{rel}","templated":true}]}}