{"id":1167,"date":"2018-10-08T15:01:37","date_gmt":"2018-10-08T13:01:37","guid":{"rendered":"https:\/\/www.hoteluniversal.net\/colazione\/"},"modified":"2018-12-11T16:05:04","modified_gmt":"2018-12-11T15:05:04","slug":"fruehstueck","status":"publish","type":"page","link":"https:\/\/www.hoteluniversal.net\/de\/fruehstueck\/","title":{"rendered":"Ein tausend K\u00f6stlichkeiten zum Fr\u00fchst\u00fcck"},"content":{"rendered":"<p>Jeden Morgen<strong class=\"blu\">\u00a0von 8.00 bis 10.00<\/strong>\u00a0Uhr im Hotel Universal, ist das Fr\u00fchst\u00fcck.<br \/>\nW\u00e4hrend Ihres Urlaubs Sie aufwachen mit einem L\u00e4cheln, weil Sie wissen, dass es wartet ein\u00a0<strong class=\"blu\">gro\u00dfes Buffet mit s\u00fc\u00dfen und salzigen Speisen<\/strong>\u00a0ist den Tag zu beginnen.<br \/>\nSie sitzen auf der Veranda, und Sie schmecken einen guten\u00a0<strong class=\"blu\">Espresso<\/strong>\u00a0oder\u00a0<strong class=\"blu\">Cappuccino<\/strong>\u00a0nach bester italienischer Tradition.<\/p>\n","protected":false},"excerpt":{"rendered":"<p>Jeden Morgen\u00a0von 8.00 bis 10.00\u00a0Uhr im Hotel Universal, ist das Fr\u00fchst\u00fcck. W\u00e4hrend Ihres Urlaubs Sie aufwachen mit einem L\u00e4cheln, weil Sie wissen, dass es wartet ein\u00a0gro\u00dfes Buffet mit s\u00fc\u00dfen und salzigen Speisen\u00a0ist den Tag zu beginnen. Sie sitzen auf der Veranda, und Sie schmecken einen guten\u00a0Espresso\u00a0oder\u00a0Cappuccino\u00a0nach bester italienischer Tradition.<\/p>\n","protected":false},"author":1,"featured_media":0,"parent":0,"menu_order":0,"comment_status":"closed","ping_status":"closed","template":"","meta":{"_acf_changed":false},"class_list":["post-1167","page","type-page","status-publish","hentry"],"acf":[],"_links":{"self":[{"href":"https:\/\/www.hoteluniversal.net\/de\/wp-json\/wp\/v2\/pages\/1167","targetHints":{"allow":["GET"]}}],"collection":[{"href":"https:\/\/www.hoteluniversal.net\/de\/wp-json\/wp\/v2\/pages"}],"about":[{"href":"https:\/\/www.hoteluniversal.net\/de\/wp-json\/wp\/v2\/types\/page"}],"author":[{"embeddable":true,"href":"https:\/\/www.hoteluniversal.net\/de\/wp-json\/wp\/v2\/users\/1"}],"replies":[{"embeddable":true,"href":"https:\/\/www.hoteluniversal.net\/de\/wp-json\/wp\/v2\/comments?post=1167"}],"version-history":[{"count":0,"href":"https:\/\/www.hoteluniversal.net\/de\/wp-json\/wp\/v2\/pages\/1167\/revisions"}],"wp:attachment":[{"href":"https:\/\/www.hoteluniversal.net\/de\/wp-json\/wp\/v2\/media?parent=1167"}],"curies":[{"name":"wp","href":"https:\/\/api.w.org\/{rel}","templated":true}]}}