{"id":1169,"date":"2018-10-05T15:47:22","date_gmt":"2018-10-05T13:47:22","guid":{"rendered":"https:\/\/www.hoteluniversal.net\/terme\/"},"modified":"2024-12-05T11:10:00","modified_gmt":"2024-12-05T10:10:00","slug":"spa","status":"publish","type":"page","link":"https:\/\/www.hoteluniversal.net\/de\/spa\/","title":{"rendered":"Hotel in der N\u00e4he von Riccione Terme"},"content":{"rendered":"<p>Das Universal, <strong>Hotel in der N\u00e4he von<\/strong> <strong>Riccione Terme<\/strong> ist ideal f\u00fcr Ihren Wellnessurlaub. Riccione birgt eine wertvolle Schatztruhe, in der das Wohlbefinden von K\u00f6rper und Geist im Mittelpunkt steht.<\/p>\n<p>Das Thermalzentrum hat antike Urspr\u00fcnge und die Entdeckung der wohltuenden Eigenschaften seiner Quellen geht auf die R\u00f6merzeit zur\u00fcck. Isabella, Claudia, Celestina und Adriana sind die Thermalquellen, die sich durch ihre wunderbare Wirkung auf den K\u00f6rper auszeichnen. Sie helfen dem K\u00f6rper, besser zu funktionieren und das Immunsystem zu st\u00e4rken.<\/p>\n<p>Zus\u00e4tzlich zu den Thermalkuren und -behandlungen k\u00f6nnen Sie sich im <strong>Oasi Spa entspannen &#8211; einem Wellness-Zentrum<\/strong>, das die Vorteile von Schlamm und Wasser mit Sinnespfaden, Sch\u00f6nheitsbehandlungen und Massagen verbindet.<\/p>\n<p>Die Umgebung, in der Sie sich entspannen k\u00f6nnen, ist wirklich einzigartig, denn Sie befinden sich inmitten eines gr\u00fcnen Pinienwaldes, nur wenige Schritte vom Meer entfernt.<br \/>\nParken Sie direkt am Hotel und gehen Sie einfach zu Fu\u00df zu diesem unglaublichen Ort der Entspannung.<\/p>\n","protected":false},"excerpt":{"rendered":"<p>Das Universal, Hotel in der N\u00e4he von Riccione Terme ist ideal f\u00fcr Ihren Wellnessurlaub. Riccione birgt eine wertvolle Schatztruhe, in der das Wohlbefinden von K\u00f6rper und Geist im Mittelpunkt steht. Das Thermalzentrum hat antike Urspr\u00fcnge und die Entdeckung der wohltuenden Eigenschaften seiner Quellen geht auf die R\u00f6merzeit zur\u00fcck. Isabella, Claudia, Celestina und Adriana sind die Thermalquellen, die sich durch ihre wunderbare Wirkung auf den K\u00f6rper auszeichnen. Sie helfen dem K\u00f6rper, &#8230;<\/p>\n","protected":false},"author":1,"featured_media":0,"parent":0,"menu_order":0,"comment_status":"closed","ping_status":"closed","template":"","meta":{"_acf_changed":false},"class_list":["post-1169","page","type-page","status-publish","hentry"],"acf":[],"_links":{"self":[{"href":"https:\/\/www.hoteluniversal.net\/de\/wp-json\/wp\/v2\/pages\/1169","targetHints":{"allow":["GET"]}}],"collection":[{"href":"https:\/\/www.hoteluniversal.net\/de\/wp-json\/wp\/v2\/pages"}],"about":[{"href":"https:\/\/www.hoteluniversal.net\/de\/wp-json\/wp\/v2\/types\/page"}],"author":[{"embeddable":true,"href":"https:\/\/www.hoteluniversal.net\/de\/wp-json\/wp\/v2\/users\/1"}],"replies":[{"embeddable":true,"href":"https:\/\/www.hoteluniversal.net\/de\/wp-json\/wp\/v2\/comments?post=1169"}],"version-history":[{"count":0,"href":"https:\/\/www.hoteluniversal.net\/de\/wp-json\/wp\/v2\/pages\/1169\/revisions"}],"wp:attachment":[{"href":"https:\/\/www.hoteluniversal.net\/de\/wp-json\/wp\/v2\/media?parent=1169"}],"curies":[{"name":"wp","href":"https:\/\/api.w.org\/{rel}","templated":true}]}}