{"id":1173,"date":"2018-10-08T14:46:01","date_gmt":"2018-10-08T12:46:01","guid":{"rendered":"https:\/\/www.hoteluniversal.net\/servizi\/"},"modified":"2026-02-16T10:40:04","modified_gmt":"2026-02-16T09:40:04","slug":"service","status":"publish","type":"page","link":"https:\/\/www.hoteluniversal.net\/de\/service\/","title":{"rendered":"Ihr Urlaub nicht nur auf das Meer\u2026"},"content":{"rendered":"<p>Das Hotel Universal lieben Sie mit besonderer Sorgfalt zu f\u00fcllen und bieten eine einzigartige, voller Freude und <a href=\"https:\/\/www.hoteluniversal.net\/de\/jung\/\" target=\"_blank\" rel=\"noopener\">Spa\u00df f\u00fcr alle Altersgruppen<\/a>. Comfort startet die Minute, die Sie, weil Ihr Auto in der sehr <span class=\"blu\">Parkplatz<\/span> vor dem Hotel (je nach Verf\u00fcgbarkeit) ankommen.<\/p>\n","protected":false},"excerpt":{"rendered":"<p>Das Hotel Universal lieben Sie mit besonderer Sorgfalt zu f\u00fcllen und bieten eine einzigartige, voller Freude und Spa\u00df f\u00fcr alle Altersgruppen. Comfort startet die Minute, die Sie, weil Ihr Auto in der sehr Parkplatz vor dem Hotel (je nach Verf\u00fcgbarkeit) ankommen.<\/p>\n","protected":false},"author":1,"featured_media":0,"parent":0,"menu_order":0,"comment_status":"closed","ping_status":"closed","template":"","meta":{"_acf_changed":false},"class_list":["post-1173","page","type-page","status-publish","hentry"],"acf":[],"_links":{"self":[{"href":"https:\/\/www.hoteluniversal.net\/de\/wp-json\/wp\/v2\/pages\/1173","targetHints":{"allow":["GET"]}}],"collection":[{"href":"https:\/\/www.hoteluniversal.net\/de\/wp-json\/wp\/v2\/pages"}],"about":[{"href":"https:\/\/www.hoteluniversal.net\/de\/wp-json\/wp\/v2\/types\/page"}],"author":[{"embeddable":true,"href":"https:\/\/www.hoteluniversal.net\/de\/wp-json\/wp\/v2\/users\/1"}],"replies":[{"embeddable":true,"href":"https:\/\/www.hoteluniversal.net\/de\/wp-json\/wp\/v2\/comments?post=1173"}],"version-history":[{"count":0,"href":"https:\/\/www.hoteluniversal.net\/de\/wp-json\/wp\/v2\/pages\/1173\/revisions"}],"wp:attachment":[{"href":"https:\/\/www.hoteluniversal.net\/de\/wp-json\/wp\/v2\/media?parent=1173"}],"curies":[{"name":"wp","href":"https:\/\/api.w.org\/{rel}","templated":true}]}}