{"id":1178,"date":"2017-09-15T16:02:24","date_gmt":"2017-09-15T14:02:24","guid":{"rendered":"https:\/\/www.hoteluniversal.net\/dove-siamo\/"},"modified":"2018-11-29T14:31:52","modified_gmt":"2018-11-29T13:31:52","slug":"wo-wir-sind","status":"publish","type":"page","link":"https:\/\/www.hoteluniversal.net\/de\/wo-wir-sind\/","title":{"rendered":"Wo wir sind"},"content":{"rendered":"<div class=\"directions\">\n<p><img loading=\"lazy\" decoding=\"async\" class=\"size-full wp-image-828 alignleft\" src=\"https:\/\/www.hoteluniversal.net\/wp-content\/uploads\/2018\/10\/car-125x125.png\" alt=\"\" width=\"125\" height=\"125\" data-big-size=\"125x125\" \/><\/p>\n<h2>Autobahn<\/h2>\n<p>Von der Autobahn A14 in Riccione keeping links. Fahren Sie geradeaus auf der Viale Berlinguer f\u00fcr ca. 3 km und der vierten Kreisverkehr rechts auf die SS16. Weiter bis zu einem gro\u00dfen Kreisverkehr mit f\u00fcnf wei\u00dfen Kugeln und nehmen sie die zweite Ausfahrt Richtung Mare-Terme. Fahren Sie geradeaus auf der Via Verrazzano bis zum Kreisverkehr. Hier nehmen Sie die zweite Ausfahrt in die Viale Vespucci dann sofort rechts abbiegen in Viale Volta. Bereisen Sie die Stra\u00dfe bis zum Ende, links in die Via Colombo nach links und dann wieder nach links in die Via Galileo Galilei. Das Hotel Universal finden Sie auf der linken Seite an der Kreuzung mit der Via Amerigo Vespucci. In <strong>10 Minuten Fahrt sechs bis zum Ziel<\/strong>.<\/p>\n<\/div>\n<div class=\"directions\">\n<p><img loading=\"lazy\" decoding=\"async\" class=\"size-full wp-image-834 alignleft\" src=\"https:\/\/www.hoteluniversal.net\/wp-content\/uploads\/2018\/10\/treno-125x125.png\" alt=\"\" width=\"125\" height=\"125\" data-big-size=\"125x125\" \/><\/p>\n<h2>vom Bahnhof<\/h2>\n<p>Der Bahnhof Riccione Bahn ist etwas mehr als<strong> einen Kilometer von der Universal Hotel<\/strong>. Zu Fu\u00df etwa eine Viertelstunde die Fahrtzeit betr\u00e4gt 17 Minuten mit den \u00f6ffentlichen Verkehrsmitteln und 5 Minuten mit dem Taxi.<\/p>\n<\/div>\n<div class=\"directions\">\n<p><img loading=\"lazy\" decoding=\"async\" class=\"size-full wp-image-828 alignleft\" src=\"https:\/\/www.hoteluniversal.net\/wp-content\/uploads\/2018\/10\/departures-125x125.png\" alt=\"\" width=\"125\" height=\"125\" data-big-size=\"125x125\" \/><\/p>\n<h2>Flughafen<\/h2>\n<p>Flughafen Rimini Fellini<strong> ist ca. 6 km vom Universal Hotel<\/strong>. Am Ausgang k\u00f6nnen Sie einen komfortablen Taxi-Service, die Sie direkt zum Hotel oder die Leitung 124 oder 11, die auf die Struktur schlie\u00dfen lassen Sie nimmt.<\/p>\n<\/div>\n","protected":false},"excerpt":{"rendered":"<p>Autobahn Von der Autobahn A14 in Riccione keeping links. Fahren Sie geradeaus auf der Viale Berlinguer f\u00fcr ca. 3 km und der vierten Kreisverkehr rechts auf die SS16. Weiter bis zu einem gro\u00dfen Kreisverkehr mit f\u00fcnf wei\u00dfen Kugeln und nehmen sie die zweite Ausfahrt Richtung Mare-Terme. Fahren Sie geradeaus auf der Via Verrazzano bis zum Kreisverkehr. Hier nehmen Sie die zweite Ausfahrt in die Viale Vespucci dann sofort rechts abbiegen &#8230;<\/p>\n","protected":false},"author":1,"featured_media":0,"parent":0,"menu_order":0,"comment_status":"closed","ping_status":"closed","template":"template\/template.punti-di-interesse.php","meta":{"_acf_changed":false},"class_list":["post-1178","page","type-page","status-publish","hentry"],"acf":[],"_links":{"self":[{"href":"https:\/\/www.hoteluniversal.net\/de\/wp-json\/wp\/v2\/pages\/1178","targetHints":{"allow":["GET"]}}],"collection":[{"href":"https:\/\/www.hoteluniversal.net\/de\/wp-json\/wp\/v2\/pages"}],"about":[{"href":"https:\/\/www.hoteluniversal.net\/de\/wp-json\/wp\/v2\/types\/page"}],"author":[{"embeddable":true,"href":"https:\/\/www.hoteluniversal.net\/de\/wp-json\/wp\/v2\/users\/1"}],"replies":[{"embeddable":true,"href":"https:\/\/www.hoteluniversal.net\/de\/wp-json\/wp\/v2\/comments?post=1178"}],"version-history":[{"count":0,"href":"https:\/\/www.hoteluniversal.net\/de\/wp-json\/wp\/v2\/pages\/1178\/revisions"}],"wp:attachment":[{"href":"https:\/\/www.hoteluniversal.net\/de\/wp-json\/wp\/v2\/media?parent=1178"}],"curies":[{"name":"wp","href":"https:\/\/api.w.org\/{rel}","templated":true}]}}