{"id":1182,"date":"2018-11-13T16:40:55","date_gmt":"2018-11-13T15:40:55","guid":{"rendered":"https:\/\/www.hoteluniversal.net\/informativa-dati-commerciali\/"},"modified":"2018-12-28T14:20:43","modified_gmt":"2018-12-28T13:20:43","slug":"informative-kommerzielle-daten","status":"publish","type":"page","link":"https:\/\/www.hoteluniversal.net\/de\/informative-kommerzielle-daten\/","title":{"rendered":"Informationen \u00fcber Daten, die f\u00fcr Marketingzwecke erhoben werden"},"content":{"rendered":"<h3>Datenverarbeitungsmodus<\/h3>\n<p>Wie bei allen Websites verwendet diese Website auch Protokolldateien, in denen automatisch erfasste Informationen w\u00e4hrend der Benutzerbesuche gespeichert werden. Die gesammelten Informationen k\u00f6nnten folgende sein:<\/p>\n<p>\u2013 Internetprotokoll (IP) -Adresse;<br \/>\n\u2013 Browsertyp und Ger\u00e4teparameter, die f\u00fcr die Verbindung mit der Site verwendet werden;<br \/>\n\u2013 Name des Internet Service Providers (ISP);<br \/>\n\u2013 Datum und Uhrzeit des Besuchs;<br \/>\n\u2013 Webseite des Ursprungs des Besuchers (Empfehlung) und Ausgang;<br \/>\n\u2013 m\u00f6glicherweise die Anzahl der Klicks.<\/p>\n<p>Die oben genannten Informationen werden in einer automatisierten Form verarbeitet und in einer ausschlie\u00dflich aggregierten Form gesammelt, um das korrekte Funktionieren der Website und aus Sicherheitsgr\u00fcnden zu \u00fcberpr\u00fcfen. Diese Informationen werden entsprechend den berechtigten Interessen des Inhabers verarbeitet.<br \/>\nAus Sicherheitsgr\u00fcnden (Spam \u2013 Filter, Firewalls, Virenerkennung) k\u00f6nnen die automatisch erfassten Daten m\u00f6glicherweise auch personenbezogene Daten wie die IP \u2013 Adresse enthalten, die gem\u00e4\u00df den geltenden Gesetzen verwendet werden k\u00f6nnten, um Versuche einer Besch\u00e4digung des Internets zu blockieren Website selbst oder um anderen Benutzern Schaden zuzuf\u00fcgen, oder in jedem Fall sch\u00e4dliche Aktivit\u00e4ten oder eine Straftat darstellen. Diese Daten werden niemals zur Identifizierung oder Profilierung des Nutzers verwendet, sondern nur zum Schutz der Website und ihrer Nutzer. Diese Informationen werden entsprechend den berechtigten Interessen des Nutzers behandelt.<\/p>\n<p>Wenn die Website die Aufnahme von Kommentaren erlaubt, oder im Falle von bestimmten Diensten, die vom Benutzer angefordert werden, einschlie\u00dflich der M\u00f6glichkeit, den Lebenslauf f\u00fcr eine m\u00f6gliche Arbeitsbeziehung zu senden, erkennt die Website automatisch einige Identifikationsdaten des Benutzers, einschlie\u00dflich die E-Mail-Adresse. Diese Daten werden vom Benutzer zum Zeitpunkt der Anforderung der Servicebereitstellung freiwillig zur Verf\u00fcgung gestellt. Durch das Einf\u00fcgen eines Kommentars oder anderer Informationen akzeptiert der Benutzer ausdr\u00fccklich die Datenschutzerkl\u00e4rung und erkl\u00e4rt sich insbesondere damit einverstanden, dass die enthaltenen Inhalte frei an Dritte weitergegeben werden. Die erhaltenen Daten werden ausschlie\u00dflich f\u00fcr die Bereitstellung des angeforderten Dienstes und nur f\u00fcr die f\u00fcr die Bereitstellung des Dienstes ben\u00f6tigte Zeit verwendet.<br \/>\nDie Informationen, die die Nutzer der Website aufgrund der ihnen zur Verf\u00fcgung gestellten Dienste und Tools f\u00fcr \u00f6ffentlich halten, werden vom Nutzer wissentlich und freiwillig zur Verf\u00fcgung gestellt und befreien diese Website von jeglicher Haftung in Bezug auf Gesetzesverst\u00f6\u00dfe. Es liegt in der Verantwortung des Nutzers zu \u00fcberpr\u00fcfen, dass er die Erlaubnis zur Eingabe von personenbezogenen Daten Dritter oder von Inhalten, die durch nationale und internationale Standards gesch\u00fctzt sind, besitzen darf.<\/p>\n<p><strong>Zwecke der Datenverarbeitung<\/strong><\/p>\n<p>Die von der Website w\u00e4hrend des Betriebs gesammelten Daten werden f\u00fcr die oben genannten Zwecke und f\u00fcr folgende Zwecke verwendet:<br \/>\nDatenanforderung f\u00fcr Werbezwecke \u00fcber Newsletter<br \/>\nDie Datenspeicherung erfolgt f\u00fcr den Zeitraum, der zur Erreichung des oben genannten Zwecks unbedingt erforderlich ist und in jedem Fall nicht l\u00e4nger als 5 Jahre.<br \/>\nDie f\u00fcr Sicherheitszwecke verwendeten Daten (Blockversuche zur Besch\u00e4digung der Site) werden f\u00fcr die Zeit aufbewahrt, die unbedingt erforderlich ist, um das zuvor angegebene Ende zu erreichen.<\/p>\n<p><strong>Daten vom Benutzer zur Verf\u00fcgung gestellt<\/strong><\/p>\n<p>Wie oben erw\u00e4hnt, beinhaltet das freiwillige, ausdr\u00fcckliche und freiwillige Versenden von E-Mails an die auf dieser Website angegebenen Adressen die nachfolgende Erfassung der Adresse des Absenders, die notwendig ist, um auf Anfragen zu antworten, sowie alle anderen pers\u00f6nlichen Daten, die in der Nachricht enthalten sind.<br \/>\nBestimmte zusammenfassende Informationen werden nach und nach auf den Seiten der Website, die f\u00fcr bestimmte Dienste auf Anfrage vorbereitet wurden, angezeigt oder angezeigt.<\/p>\n","protected":false},"excerpt":{"rendered":"<p>Datenverarbeitungsmodus Wie bei allen Websites verwendet diese Website auch Protokolldateien, in denen automatisch erfasste Informationen w\u00e4hrend der Benutzerbesuche gespeichert werden. Die gesammelten Informationen k\u00f6nnten folgende sein: \u2013 Internetprotokoll (IP) -Adresse; \u2013 Browsertyp und Ger\u00e4teparameter, die f\u00fcr die Verbindung mit der Site verwendet werden; \u2013 Name des Internet Service Providers (ISP); \u2013 Datum und Uhrzeit des Besuchs; \u2013 Webseite des Ursprungs des Besuchers (Empfehlung) und Ausgang; \u2013 m\u00f6glicherweise die Anzahl der &#8230;<\/p>\n","protected":false},"author":1,"featured_media":0,"parent":0,"menu_order":0,"comment_status":"closed","ping_status":"closed","template":"","meta":{"_acf_changed":false},"class_list":["post-1182","page","type-page","status-publish","hentry"],"acf":[],"_links":{"self":[{"href":"https:\/\/www.hoteluniversal.net\/de\/wp-json\/wp\/v2\/pages\/1182","targetHints":{"allow":["GET"]}}],"collection":[{"href":"https:\/\/www.hoteluniversal.net\/de\/wp-json\/wp\/v2\/pages"}],"about":[{"href":"https:\/\/www.hoteluniversal.net\/de\/wp-json\/wp\/v2\/types\/page"}],"author":[{"embeddable":true,"href":"https:\/\/www.hoteluniversal.net\/de\/wp-json\/wp\/v2\/users\/1"}],"replies":[{"embeddable":true,"href":"https:\/\/www.hoteluniversal.net\/de\/wp-json\/wp\/v2\/comments?post=1182"}],"version-history":[{"count":0,"href":"https:\/\/www.hoteluniversal.net\/de\/wp-json\/wp\/v2\/pages\/1182\/revisions"}],"wp:attachment":[{"href":"https:\/\/www.hoteluniversal.net\/de\/wp-json\/wp\/v2\/media?parent=1182"}],"curies":[{"name":"wp","href":"https:\/\/api.w.org\/{rel}","templated":true}]}}