{"id":56,"date":"2017-01-19T15:59:32","date_gmt":"2017-01-19T14:59:32","guid":{"rendered":"https:\/\/www.hoteluniversal.net\/privacy\/"},"modified":"2018-12-28T14:23:53","modified_gmt":"2018-12-28T13:23:53","slug":"privacy","status":"publish","type":"page","link":"https:\/\/www.hoteluniversal.net\/de\/privacy\/","title":{"rendered":"Informationen zur datenschutzrichtlinie der website"},"content":{"rendered":"<p>Dieser Abschnitt enth\u00e4lt Informationen zur Verwaltung von Hotel Universal in Bezug auf die Verarbeitung der Daten von Hotel Universal-Benutzern.<\/p>\n<p>Diese Information gilt auch f\u00fcr die Zwecke der Kunst. 13 des Gesetzesdekrets Nr. 196\/2003, Code zum Schutz personenbezogener Daten, und f\u00fcr die Zwecke von Artikel 13 der EU-Verordnung Nr. 2016\/679, betreffend den Schutz der pers\u00f6nlichen Daten und die Personalisierung der pers\u00f6nlichen Daten, f\u00fcr die Interaktion mit dem Hotel: <a href=\"https:\/\/www.hoteluniversal.net\"><strong>www.hoteluniversal.net<\/strong><\/a><\/p>\n<p>Die Informationen dienen lediglich der Verwendung der darin enthaltenen Links.<br \/>\nDer Zweck dieses Dokuments besteht darin, Informationen \u00fcber Methoden, Zeitpunkt und Art der Informationen bereitzustellen, die die f\u00fcr die Verarbeitung Verantwortlichen bereitstellen m\u00fcssen Europ\u00e4er.<\/p>\n<p>In dieser Hinsicht kann der Benutzer zu diesem Problem ge\u00e4ndert werden.<br \/>\nWenn der Nutzer gem\u00e4\u00df Artikel 8, c.1 EU-Verordnung 2016\/679 unter 16 Jahre alt ist, muss er \/ sie seine Zustimmung durch die Genehmigung seiner Eltern oder Erziehungsberechtigten legitimieren.<\/p>\n<p><strong>Datenverarbeitung<\/strong><\/p>\n<p>Dateninhaber<br \/>\nDer f\u00fcr die Verarbeitung Verantwortliche ist die nat\u00fcrliche oder juristische Person, Beh\u00f6rde, Dienststelle oder sonstige Stelle, die einzeln oder zusammen mit anderen den Zweck und die Art der Verarbeitung festlegt. Er befasst sich auch mit Sicherheitsprofilen.<br \/>\nDer f\u00fcr die Verarbeitung Verantwortliche ist: Patrignani Davide und kann unter folgender E-Mail-Adresse kontaktiert werden: <a href=\"mailto:d.patrignani@libero.it\">d.patrignani@libero.it<\/a>.<\/p>\n<p>Verantwortlich f\u00fcr die Datenverarbeitung<br \/>\nDer f\u00fcr die Verarbeitung Verantwortliche ist die nat\u00fcrliche oder juristische Person, Beh\u00f6rde, Dienststelle oder sonstige Stelle, die die personenbezogenen Daten im Auftrag des f\u00fcr die Verarbeitung Verantwortlichen verarbeitet.<br \/>\nGem\u00e4\u00df Artikel 28 der EU-Verordnung Nr. 2016\/679, nach der Ernennung des Dateneigent\u00fcmers, des Datenverwalters des Hotels.Universelle Website ist: Sanchini Rosina.<br \/>\nDatenverarbeitungsplatz<br \/>\nDas Universalhotel befindet sich in der Viale Vespucci 3.<br \/>\nIm Bedarfsfall werden die mit der Behandlung verbundenen Daten von der f\u00fcr die Behandlung verantwortlichen Person zur Verf\u00fcgung gestellt.<\/p>\n","protected":false},"excerpt":{"rendered":"<p>Dieser Abschnitt enth\u00e4lt Informationen zur Verwaltung von Hotel Universal in Bezug auf die Verarbeitung der Daten von Hotel Universal-Benutzern. Diese Information gilt auch f\u00fcr die Zwecke der Kunst. 13 des Gesetzesdekrets Nr. 196\/2003, Code zum Schutz personenbezogener Daten, und f\u00fcr die Zwecke von Artikel 13 der EU-Verordnung Nr. 2016\/679, betreffend den Schutz der pers\u00f6nlichen Daten und die Personalisierung der pers\u00f6nlichen Daten, f\u00fcr die Interaktion mit dem Hotel: www.hoteluniversal.net Die Informationen &#8230;<\/p>\n","protected":false},"author":1,"featured_media":0,"parent":0,"menu_order":0,"comment_status":"closed","ping_status":"closed","template":"","meta":{"_acf_changed":false},"class_list":["post-56","page","type-page","status-publish","hentry"],"acf":[],"_links":{"self":[{"href":"https:\/\/www.hoteluniversal.net\/de\/wp-json\/wp\/v2\/pages\/56","targetHints":{"allow":["GET"]}}],"collection":[{"href":"https:\/\/www.hoteluniversal.net\/de\/wp-json\/wp\/v2\/pages"}],"about":[{"href":"https:\/\/www.hoteluniversal.net\/de\/wp-json\/wp\/v2\/types\/page"}],"author":[{"embeddable":true,"href":"https:\/\/www.hoteluniversal.net\/de\/wp-json\/wp\/v2\/users\/1"}],"replies":[{"embeddable":true,"href":"https:\/\/www.hoteluniversal.net\/de\/wp-json\/wp\/v2\/comments?post=56"}],"version-history":[{"count":0,"href":"https:\/\/www.hoteluniversal.net\/de\/wp-json\/wp\/v2\/pages\/56\/revisions"}],"wp:attachment":[{"href":"https:\/\/www.hoteluniversal.net\/de\/wp-json\/wp\/v2\/media?parent=56"}],"curies":[{"name":"wp","href":"https:\/\/api.w.org\/{rel}","templated":true}]}}