{"id":1188,"date":"2018-10-08T14:48:59","date_gmt":"2018-10-08T12:48:59","guid":{"rendered":"https:\/\/www.hoteluniversal.net\/cucina\/"},"modified":"2024-12-05T09:24:23","modified_gmt":"2024-12-05T08:24:23","slug":"restaurante","status":"publish","type":"page","link":"https:\/\/www.hoteluniversal.net\/es\/restaurante\/","title":{"rendered":"La autenticidad del hecho en casa"},"content":{"rendered":"<p>El sol, el mar, la alegr\u00eda y sobre todo la buena comida.<br \/>\nEn el Hotel Universal es un verdadero placer para degustar las especialidades de la regi\u00f3n que cada d\u00eda se sirven.<br \/>\nEn el almuerzo y la cena, podr\u00e1 elegir <strong class=\"blu\">entre dos men\u00fas de carne y pescado<\/strong> acompa\u00f1ados de un rico buffet de aperitivos, verduras y contornos de invitaci\u00f3n.<br \/>\nCualquier cambio en el men\u00fa se puede: acaba de hablar con el personal para la recepci\u00f3n de platos para satisfacer las necesidades diet\u00e9ticas.<br \/>\nPara preparar tambi\u00e9n <strong class=\"blu\">opciones de la luz y vegetarianos<\/strong>, para aquellos que les gusta mantenerse en forma durante las vacaciones.<\/p>\n","protected":false},"excerpt":{"rendered":"<p>El sol, el mar, la alegr\u00eda y sobre todo la buena comida. En el Hotel Universal es un verdadero placer para degustar las especialidades de la regi\u00f3n que cada d\u00eda se sirven. En el almuerzo y la cena, podr\u00e1 elegir entre dos men\u00fas de carne y pescado acompa\u00f1ados de un rico buffet de aperitivos, verduras y contornos de invitaci\u00f3n. Cualquier cambio en el men\u00fa se puede: acaba de hablar con &#8230;<\/p>\n","protected":false},"author":1,"featured_media":0,"parent":0,"menu_order":0,"comment_status":"closed","ping_status":"closed","template":"","meta":{"_acf_changed":false},"class_list":["post-1188","page","type-page","status-publish","hentry"],"acf":[],"_links":{"self":[{"href":"https:\/\/www.hoteluniversal.net\/es\/wp-json\/wp\/v2\/pages\/1188","targetHints":{"allow":["GET"]}}],"collection":[{"href":"https:\/\/www.hoteluniversal.net\/es\/wp-json\/wp\/v2\/pages"}],"about":[{"href":"https:\/\/www.hoteluniversal.net\/es\/wp-json\/wp\/v2\/types\/page"}],"author":[{"embeddable":true,"href":"https:\/\/www.hoteluniversal.net\/es\/wp-json\/wp\/v2\/users\/1"}],"replies":[{"embeddable":true,"href":"https:\/\/www.hoteluniversal.net\/es\/wp-json\/wp\/v2\/comments?post=1188"}],"version-history":[{"count":0,"href":"https:\/\/www.hoteluniversal.net\/es\/wp-json\/wp\/v2\/pages\/1188\/revisions"}],"wp:attachment":[{"href":"https:\/\/www.hoteluniversal.net\/es\/wp-json\/wp\/v2\/media?parent=1188"}],"curies":[{"name":"wp","href":"https:\/\/api.w.org\/{rel}","templated":true}]}}