{"id":1190,"date":"2018-10-08T15:01:37","date_gmt":"2018-10-08T13:01:37","guid":{"rendered":"https:\/\/www.hoteluniversal.net\/colazione\/"},"modified":"2018-12-11T16:04:22","modified_gmt":"2018-12-11T15:04:22","slug":"desayuno","status":"publish","type":"page","link":"https:\/\/www.hoteluniversal.net\/es\/desayuno\/","title":{"rendered":"A miles de delicias para el desayuno"},"content":{"rendered":"<p>Todas las ma\u00f1anas <strong class=\"blu\">8:00-10:00<\/strong> en el Hotel Universal, es la hora del desayuno.<br \/>\nDurante sus vacaciones se despierta con una sonrisa, porque usted sabe que la espera hay un <strong class=\"blu\">gran buffet de platos dulces y salados<\/strong> para empezar el d\u00eda.<br \/>\nUsted se sienta en el porche y degustar un buen <strong class=\"blu\">caf\u00e9 expreso o capuchino<\/strong> hecho de acuerdo con la mejor tradici\u00f3n italiana.<\/p>\n","protected":false},"excerpt":{"rendered":"<p>Todas las ma\u00f1anas 8:00-10:00 en el Hotel Universal, es la hora del desayuno. Durante sus vacaciones se despierta con una sonrisa, porque usted sabe que la espera hay un gran buffet de platos dulces y salados para empezar el d\u00eda. Usted se sienta en el porche y degustar un buen caf\u00e9 expreso o capuchino hecho de acuerdo con la mejor tradici\u00f3n italiana.<\/p>\n","protected":false},"author":1,"featured_media":0,"parent":0,"menu_order":0,"comment_status":"closed","ping_status":"closed","template":"","meta":{"_acf_changed":false},"class_list":["post-1190","page","type-page","status-publish","hentry"],"acf":[],"_links":{"self":[{"href":"https:\/\/www.hoteluniversal.net\/es\/wp-json\/wp\/v2\/pages\/1190","targetHints":{"allow":["GET"]}}],"collection":[{"href":"https:\/\/www.hoteluniversal.net\/es\/wp-json\/wp\/v2\/pages"}],"about":[{"href":"https:\/\/www.hoteluniversal.net\/es\/wp-json\/wp\/v2\/types\/page"}],"author":[{"embeddable":true,"href":"https:\/\/www.hoteluniversal.net\/es\/wp-json\/wp\/v2\/users\/1"}],"replies":[{"embeddable":true,"href":"https:\/\/www.hoteluniversal.net\/es\/wp-json\/wp\/v2\/comments?post=1190"}],"version-history":[{"count":0,"href":"https:\/\/www.hoteluniversal.net\/es\/wp-json\/wp\/v2\/pages\/1190\/revisions"}],"wp:attachment":[{"href":"https:\/\/www.hoteluniversal.net\/es\/wp-json\/wp\/v2\/media?parent=1190"}],"curies":[{"name":"wp","href":"https:\/\/api.w.org\/{rel}","templated":true}]}}