{"id":1192,"date":"2018-10-05T15:47:22","date_gmt":"2018-10-05T13:47:22","guid":{"rendered":"https:\/\/www.hoteluniversal.net\/terme\/"},"modified":"2024-12-05T11:12:00","modified_gmt":"2024-12-05T10:12:00","slug":"spa","status":"publish","type":"page","link":"https:\/\/www.hoteluniversal.net\/es\/spa\/","title":{"rendered":"Hotel cerca de Riccione Terme"},"content":{"rendered":"<p>El Universal, <strong>Hotel cerca de Riccione Terme<\/strong> es ideal para sus vacaciones de bienestar. Riccione encierra un precioso cofre del tesoro donde estar bien de cuerpo y mente es el centro de todo.<\/p>\n<p>El centro termal tiene or\u00edgenes antiguos y el descubrimiento de las propiedades beneficiosas de sus manantiales se remonta a la \u00e9poca romana. Isabella, Claudia, Celestina y Adriana son las aguas termales y se distinguen por sus prodigiosos efectos sobre el organismo. Ayudan al organismo a funcionar mejor y refuerzan el sistema inmunitario.<\/p>\n<p>Adem\u00e1s de las curas y tratamientos termales, podr\u00e1 relajarse en el <strong>Oasi Spa, un centro de bienestar<\/strong> que combina los beneficios del barro y el agua con recorridos sensoriales, tratamientos de belleza y masajes.<\/p>\n<p>El entorno en el que podr\u00e1 relajarse es realmente \u00fanico, ya que se encuentra inmerso en un verde pinar a pocos pasos del mar.<br \/>\nAparque directamente en el hotel y camine f\u00e1cilmente hasta este incre\u00edble lugar de relajaci\u00f3n.<\/p>\n","protected":false},"excerpt":{"rendered":"<p>El Universal, Hotel cerca de Riccione Terme es ideal para sus vacaciones de bienestar. Riccione encierra un precioso cofre del tesoro donde estar bien de cuerpo y mente es el centro de todo. El centro termal tiene or\u00edgenes antiguos y el descubrimiento de las propiedades beneficiosas de sus manantiales se remonta a la \u00e9poca romana. Isabella, Claudia, Celestina y Adriana son las aguas termales y se distinguen por sus prodigiosos &#8230;<\/p>\n","protected":false},"author":1,"featured_media":0,"parent":0,"menu_order":0,"comment_status":"closed","ping_status":"closed","template":"","meta":{"_acf_changed":false},"class_list":["post-1192","page","type-page","status-publish","hentry"],"acf":[],"_links":{"self":[{"href":"https:\/\/www.hoteluniversal.net\/es\/wp-json\/wp\/v2\/pages\/1192","targetHints":{"allow":["GET"]}}],"collection":[{"href":"https:\/\/www.hoteluniversal.net\/es\/wp-json\/wp\/v2\/pages"}],"about":[{"href":"https:\/\/www.hoteluniversal.net\/es\/wp-json\/wp\/v2\/types\/page"}],"author":[{"embeddable":true,"href":"https:\/\/www.hoteluniversal.net\/es\/wp-json\/wp\/v2\/users\/1"}],"replies":[{"embeddable":true,"href":"https:\/\/www.hoteluniversal.net\/es\/wp-json\/wp\/v2\/comments?post=1192"}],"version-history":[{"count":0,"href":"https:\/\/www.hoteluniversal.net\/es\/wp-json\/wp\/v2\/pages\/1192\/revisions"}],"wp:attachment":[{"href":"https:\/\/www.hoteluniversal.net\/es\/wp-json\/wp\/v2\/media?parent=1192"}],"curies":[{"name":"wp","href":"https:\/\/api.w.org\/{rel}","templated":true}]}}