{"id":1194,"date":"2017-10-23T15:57:14","date_gmt":"2017-10-23T13:57:14","guid":{"rendered":"https:\/\/www.hoteluniversal.net\/camere\/"},"modified":"2018-12-11T16:28:09","modified_gmt":"2018-12-11T15:28:09","slug":"habitaciones","status":"publish","type":"page","link":"https:\/\/www.hoteluniversal.net\/es\/habitaciones\/","title":{"rendered":"Todo el confort que desea"},"content":{"rendered":"<p>Cierra los ojos y relajarse, usted est\u00e1 finalmente en vacaciones.<br \/>\nLas habitaciones del Hotel Universal es el lugar ideal para tranquilas y relajantes sue\u00f1os horas de mimos y bienestar.<br \/>\nAqu\u00ed tienes todas las comodidades que quer\u00edamos para una estancia tranquila y apacible.<br \/>\nTodos los espacios han sido renovadas recientemente, siguen un <strong class=\"blu\">dise\u00f1o sencillo y funcional<\/strong> y le dan la bienvenida con un aroma fresco y limpio.<\/p>\n","protected":false},"excerpt":{"rendered":"<p>Cierra los ojos y relajarse, usted est\u00e1 finalmente en vacaciones. Las habitaciones del Hotel Universal es el lugar ideal para tranquilas y relajantes sue\u00f1os horas de mimos y bienestar. Aqu\u00ed tienes todas las comodidades que quer\u00edamos para una estancia tranquila y apacible. Todos los espacios han sido renovadas recientemente, siguen un dise\u00f1o sencillo y funcional y le dan la bienvenida con un aroma fresco y limpio.<\/p>\n","protected":false},"author":1,"featured_media":0,"parent":0,"menu_order":0,"comment_status":"closed","ping_status":"closed","template":"template\/template.camere.php","meta":{"_acf_changed":false},"class_list":["post-1194","page","type-page","status-publish","hentry"],"acf":[],"_links":{"self":[{"href":"https:\/\/www.hoteluniversal.net\/es\/wp-json\/wp\/v2\/pages\/1194","targetHints":{"allow":["GET"]}}],"collection":[{"href":"https:\/\/www.hoteluniversal.net\/es\/wp-json\/wp\/v2\/pages"}],"about":[{"href":"https:\/\/www.hoteluniversal.net\/es\/wp-json\/wp\/v2\/types\/page"}],"author":[{"embeddable":true,"href":"https:\/\/www.hoteluniversal.net\/es\/wp-json\/wp\/v2\/users\/1"}],"replies":[{"embeddable":true,"href":"https:\/\/www.hoteluniversal.net\/es\/wp-json\/wp\/v2\/comments?post=1194"}],"version-history":[{"count":0,"href":"https:\/\/www.hoteluniversal.net\/es\/wp-json\/wp\/v2\/pages\/1194\/revisions"}],"wp:attachment":[{"href":"https:\/\/www.hoteluniversal.net\/es\/wp-json\/wp\/v2\/media?parent=1194"}],"curies":[{"name":"wp","href":"https:\/\/api.w.org\/{rel}","templated":true}]}}