{"id":1207,"date":"2017-01-19T15:59:32","date_gmt":"2017-01-19T14:59:32","guid":{"rendered":"https:\/\/www.hoteluniversal.net\/privacy\/"},"modified":"2018-12-28T14:24:09","modified_gmt":"2018-12-28T13:24:09","slug":"privacy","status":"publish","type":"page","link":"https:\/\/www.hoteluniversal.net\/es\/privacy\/","title":{"rendered":"Informacci\u00f3n a la pol\u00edtica de privacidad del sitio"},"content":{"rendered":"<p>Esta secci\u00f3n contiene informaci\u00f3n sobre c\u00f3mo administrar Hotel Universal en relaci\u00f3n con el procesamiento de los datos de los usuarios de Hotel Universal.<\/p>\n<p>Esta informaci\u00f3n tambi\u00e9n es v\u00e1lida para los fines del art. 13 del Decreto Legislativo n. 196\/2003, C\u00f3digo para la protecci\u00f3n de datos personales, y para los fines del Art\u00edculo 13 del Reglamento de la UE no. 2016\/679, sobre la protecci\u00f3n de los datos personales y la personalizaci\u00f3n de los datos personales, a los efectos de la interacci\u00f3n con el hotel: <a href=\"https:\/\/www.hoteluniversal.net\"><strong>www.hoteluniversal.net<\/strong><\/a><\/p>\n<p>La informaci\u00f3n se proporciona solo para el uso de enlaces contenidos en ella.<br \/>\nEl prop\u00f3sito de este documento es proporcionar informaci\u00f3n sobre los m\u00e9todos, tiempos y naturaleza de la informaci\u00f3n que los controladores de datos deben proporcionar para Europea.<\/p>\n<p>En este sentido, el usuario puede cambiar a este problema.<br \/>\nSi el usuario es menor de 16 a\u00f1os, de conformidad con el art\u00edculo 8, c.1 Reglamento de la UE 2016\/679, \u00e9l \/ ella debe legitimar su consentimiento a trav\u00e9s de la autorizaci\u00f3n de sus padres o tutores.<\/p>\n<p><strong>PROCESAMIENTO DE DATOS<\/strong><\/p>\n<p>Titular de datos<br \/>\nEl controlador de datos es la persona f\u00edsica o jur\u00eddica, autoridad p\u00fablica, servicio u otro organismo que, individualmente o junto con otros, determina el prop\u00f3sito y los medios de procesamiento. Tambi\u00e9n se ocupa de los perfiles de seguridad.<br \/>\nEl controlador de datos es: Patrignani Davide, y se puede contactar a la siguiente direcci\u00f3n de correo electr\u00f3nico: <a href=\"mailto:d.patrignani@libero.it\">d.patrignani@libero.it<\/a>.<\/p>\n<p>Responsable del procesamiento de datos<br \/>\nEl controlador es la persona f\u00edsica o jur\u00eddica, autoridad p\u00fablica, servicio u otro organismo que procesa los datos personales en nombre del controlador de datos.<br \/>\nDe conformidad con el art\u00edculo 28 del Reglamento no. 2016\/679, tras el nombramiento del propietario de los datos, el controlador de datos del hotel. El sitio web de Universal es: Sanchini Rosina.<\/p>\n<p>Lugar de procesamiento de datos<br \/>\nHotel universal se produce en viale vespucci 3.<br \/>\nEn caso de necesidad, los datos relacionados con el tratamiento son proporcionados por la persona a cargo del tratamiento.<\/p>\n","protected":false},"excerpt":{"rendered":"<p>Esta secci\u00f3n contiene informaci\u00f3n sobre c\u00f3mo administrar Hotel Universal en relaci\u00f3n con el procesamiento de los datos de los usuarios de Hotel Universal. Esta informaci\u00f3n tambi\u00e9n es v\u00e1lida para los fines del art. 13 del Decreto Legislativo n. 196\/2003, C\u00f3digo para la protecci\u00f3n de datos personales, y para los fines del Art\u00edculo 13 del Reglamento de la UE no. 2016\/679, sobre la protecci\u00f3n de los datos personales y la personalizaci\u00f3n &#8230;<\/p>\n","protected":false},"author":1,"featured_media":0,"parent":0,"menu_order":0,"comment_status":"closed","ping_status":"closed","template":"","meta":{"_acf_changed":false},"class_list":["post-1207","page","type-page","status-publish","hentry"],"acf":[],"_links":{"self":[{"href":"https:\/\/www.hoteluniversal.net\/es\/wp-json\/wp\/v2\/pages\/1207","targetHints":{"allow":["GET"]}}],"collection":[{"href":"https:\/\/www.hoteluniversal.net\/es\/wp-json\/wp\/v2\/pages"}],"about":[{"href":"https:\/\/www.hoteluniversal.net\/es\/wp-json\/wp\/v2\/types\/page"}],"author":[{"embeddable":true,"href":"https:\/\/www.hoteluniversal.net\/es\/wp-json\/wp\/v2\/users\/1"}],"replies":[{"embeddable":true,"href":"https:\/\/www.hoteluniversal.net\/es\/wp-json\/wp\/v2\/comments?post=1207"}],"version-history":[{"count":0,"href":"https:\/\/www.hoteluniversal.net\/es\/wp-json\/wp\/v2\/pages\/1207\/revisions"}],"wp:attachment":[{"href":"https:\/\/www.hoteluniversal.net\/es\/wp-json\/wp\/v2\/media?parent=1207"}],"curies":[{"name":"wp","href":"https:\/\/api.w.org\/{rel}","templated":true}]}}