{"id":1294,"date":"2018-10-08T16:13:08","date_gmt":"2018-10-08T14:13:08","guid":{"rendered":"https:\/\/www.hoteluniversal.net\/dati-societari\/"},"modified":"2018-12-28T14:25:46","modified_gmt":"2018-12-28T13:25:46","slug":"informacion-de-la-empresa","status":"publish","type":"page","link":"https:\/\/www.hoteluniversal.net\/es\/informacion-de-la-empresa\/","title":{"rendered":"Informaci\u00f3n de la empresa"},"content":{"rendered":"<ul>\n<li style=\"text-align: left;\">Nombre de compa\u00f1ia: UNIVERSAL DI FAETANI E C.\u00a0 S.N.C<\/li>\n<li style=\"text-align: left;\">Oficina registrada: VIA VESPUCCI 3 &#8211; 47838 RICCIONE (RN)<\/li>\n<li style=\"text-align: left;\">Oficina de registro de empresas: CAMERA COMMERCIO INDUSTRIA ARTIGIANATO E AGRICOLTURA DI RIMINI<\/li>\n<li style=\"text-align: left;\">Capital social:\u00a0 \u20ac 20.658,28<\/li>\n<li style=\"text-align: left;\">C\u00f3digo Fiscal y N\u00famero de IVA: 1232930402<\/li>\n<li style=\"text-align: left;\">Correo certificado (PEC): victoriasrl@registerpec.it<\/li>\n<li style=\"text-align: left;\">Oficina de registro donde est\u00e1 registrado: UFICIO FORLI CESENA; ISCRITTO NELLA SEZIONE ORDINARIA IL 19\/2\/1996<\/li>\n<li style=\"text-align: left;\">N\u00famero de repertorio econ\u00f3mico administrativo (Rea): FO-184215<\/li>\n<li style=\"text-align: left;\">Capital presupuestario (sociedad an\u00f3nima): \u20ac 20.658,28<\/li>\n<li style=\"text-align: left;\">Liquidaci\u00f3n eventual despu\u00e9s de la disoluci\u00f3n: \/<\/li>\n<li style=\"text-align: left;\">Posible estado de la empresa con un solo accionista (Spa e Srl unipersonali): \/<\/li>\n<li style=\"text-align: left;\">Empresa o entidad cuya actividad de gesti\u00f3n y coordinaci\u00f3n est\u00e1 sujeta a (art. 2497-bis c.c): \/<\/li>\n<\/ul>\n","protected":false},"excerpt":{"rendered":"<p>Nombre de compa\u00f1ia: UNIVERSAL DI FAETANI E C.\u00a0 S.N.C Oficina registrada: VIA VESPUCCI 3 &#8211; 47838 RICCIONE (RN) Oficina de registro de empresas: CAMERA COMMERCIO INDUSTRIA ARTIGIANATO E AGRICOLTURA DI RIMINI Capital social:\u00a0 \u20ac 20.658,28 C\u00f3digo Fiscal y N\u00famero de IVA: 1232930402 Correo certificado (PEC): victoriasrl@registerpec.it Oficina de registro donde est\u00e1 registrado: UFICIO FORLI CESENA; ISCRITTO NELLA SEZIONE ORDINARIA IL 19\/2\/1996 N\u00famero de repertorio econ\u00f3mico administrativo (Rea): FO-184215 Capital presupuestario &#8230;<\/p>\n","protected":false},"author":1,"featured_media":0,"parent":0,"menu_order":0,"comment_status":"closed","ping_status":"closed","template":"","meta":{"_acf_changed":false},"class_list":["post-1294","page","type-page","status-publish","hentry"],"acf":[],"_links":{"self":[{"href":"https:\/\/www.hoteluniversal.net\/es\/wp-json\/wp\/v2\/pages\/1294","targetHints":{"allow":["GET"]}}],"collection":[{"href":"https:\/\/www.hoteluniversal.net\/es\/wp-json\/wp\/v2\/pages"}],"about":[{"href":"https:\/\/www.hoteluniversal.net\/es\/wp-json\/wp\/v2\/types\/page"}],"author":[{"embeddable":true,"href":"https:\/\/www.hoteluniversal.net\/es\/wp-json\/wp\/v2\/users\/1"}],"replies":[{"embeddable":true,"href":"https:\/\/www.hoteluniversal.net\/es\/wp-json\/wp\/v2\/comments?post=1294"}],"version-history":[{"count":0,"href":"https:\/\/www.hoteluniversal.net\/es\/wp-json\/wp\/v2\/pages\/1294\/revisions"}],"wp:attachment":[{"href":"https:\/\/www.hoteluniversal.net\/es\/wp-json\/wp\/v2\/media?parent=1294"}],"curies":[{"name":"wp","href":"https:\/\/api.w.org\/{rel}","templated":true}]}}