{"id":1320,"date":"2018-12-10T10:26:31","date_gmt":"2018-12-10T09:26:31","guid":{"rendered":"https:\/\/www.hoteluniversal.net\/iscriviti-alla-newsletter\/"},"modified":"2022-04-12T15:55:00","modified_gmt":"2022-04-12T13:55:00","slug":"suscribirse-a-noticias","status":"publish","type":"page","link":"https:\/\/www.hoteluniversal.net\/es\/suscribirse-a-noticias\/","title":{"rendered":"D\u00e9janos tu direcci\u00f3n de correo electr\u00f3nico: \u00a1vale la pena!"},"content":{"rendered":"<p>Rellene el siguiente campo y deje su direcci\u00f3n de correo electr\u00f3nico.<\/p>\n<p>Es realmente ventajoso y conveniente, porque le permite aprovechar las ofertas exclusivas y exclusivas &#8220;Solo para usted&#8221;, para recibir noticias sobre nuestro hotel. Adem\u00e1s de muchos otros beneficios dedicados.<\/p>\n<div class=\"enp-form-wrapper\">\n\t<form name=\"enp-form\" class=\"enp-form edtrack-newsletter\" data-nome_conversione=\"newsletter\">\n\t\t<input type=\"hidden\" name=\"confermato\" value=\"si\" \/><input type=\"hidden\" name=\"lang\" value=\"es\" \/><input type=\"hidden\" name=\"pid\" value=\"1320\" \/><input type=\"hidden\" name=\"format\" value=\"h\" \/>\n\t\t<div class=\"row\">\n\t\t\t<div class=\"col-lg-12 col-md-12 col-sm-12 col-xs-12\">\n\t\t\t\t<div class=\"form-group\">\n\t\t\t\t\t<input type=\"email\" placeholder=\"Email *\" name=\"email\" class=\"form-control\" value=\"\" required>\n\t\t\t\t<\/div>\n\t\t\t<\/div>\n\t\t<\/div>\n\n\t\t\n\t\t\n\t\t<div class=\"row\">\n\t\t\t<div class=\"col-lg-12 col-md-12 col-sm-12 col-xs-12\">\n\t\t\t\t<div class=\"form-group\">\n\t\t\t\t\t<input type=\"checkbox\" name=\"agree\" id=\"enp-privacy-checkbox\" required> <label class=\"enp-privacy-title\" for=\"enp-privacy-checkbox\">Privacy policy *<\/label>\n\t\t\t\t\t<div class=\"enp-privacy-desc\"><a href=\"https:\/\/www.hoteluniversal.net\/es\/privacy\/\" target=\"_blank\">He le\u00eddo y acepto la pol\u00edtica de privacidad<\/a><\/div>\n\t\t\t\t<\/div>\n\t\t\t<\/div>\n\t\t<\/div>\n\n\t\t\n\t\t<div class=\"row\">\n\t\t\t<div class=\"col-lg-12 col-md-12 col-sm-12 col-xs-12\">\n\t\t\t\t<div class=\"form-group enp-button-wrapper\">\n\t\t\t\t\t<button type=\"button\" class=\"enp-submit btn btn-primary\">Enviar<\/button>\n\t\t\t\t<\/div>\n\t\t\t<\/div>\n\t\t<\/div>\n\t<\/form>\n<\/div>\n\n\t\n","protected":false},"excerpt":{"rendered":"<p>Rellene el siguiente campo y deje su direcci\u00f3n de correo electr\u00f3nico. Es realmente ventajoso y conveniente, porque le permite aprovechar las ofertas exclusivas y exclusivas &#8220;Solo para usted&#8221;, para recibir noticias sobre nuestro hotel. Adem\u00e1s de muchos otros beneficios dedicados.<\/p>\n","protected":false},"author":1,"featured_media":0,"parent":0,"menu_order":0,"comment_status":"closed","ping_status":"closed","template":"enp-subscribe.php","meta":{"_acf_changed":false},"class_list":["post-1320","page","type-page","status-publish","hentry"],"acf":[],"_links":{"self":[{"href":"https:\/\/www.hoteluniversal.net\/es\/wp-json\/wp\/v2\/pages\/1320","targetHints":{"allow":["GET"]}}],"collection":[{"href":"https:\/\/www.hoteluniversal.net\/es\/wp-json\/wp\/v2\/pages"}],"about":[{"href":"https:\/\/www.hoteluniversal.net\/es\/wp-json\/wp\/v2\/types\/page"}],"author":[{"embeddable":true,"href":"https:\/\/www.hoteluniversal.net\/es\/wp-json\/wp\/v2\/users\/1"}],"replies":[{"embeddable":true,"href":"https:\/\/www.hoteluniversal.net\/es\/wp-json\/wp\/v2\/comments?post=1320"}],"version-history":[{"count":0,"href":"https:\/\/www.hoteluniversal.net\/es\/wp-json\/wp\/v2\/pages\/1320\/revisions"}],"wp:attachment":[{"href":"https:\/\/www.hoteluniversal.net\/es\/wp-json\/wp\/v2\/media?parent=1320"}],"curies":[{"name":"wp","href":"https:\/\/api.w.org\/{rel}","templated":true}]}}