{"id":1131,"date":"2016-07-29T12:11:55","date_gmt":"2016-07-29T10:11:55","guid":{"rendered":"https:\/\/www.hoteluniversal.net\/pagina-di-esempio\/"},"modified":"2018-12-07T17:25:43","modified_gmt":"2018-12-07T16:25:43","slug":"pagina-di-esempio","status":"publish","type":"page","link":"https:\/\/www.hoteluniversal.net\/fr\/","title":{"rendered":"Universal H\u00f4tel 2 \u00e9toiles \u00e0 Riccione"},"content":{"rendered":"<p><strong>Depuis 1980<\/strong>, la famille Faetani et Patrignani g\u00e8re avec passion l&#8217;<strong>H\u00f4tel Universel \u00e0 Riccione<\/strong>.<br \/>\n<strong class=\"blu\">Sauro, Claudia, Rosina, David, Luke et Sarah<\/strong>\u00a0vous accueillent pour un s\u00e9jour bien-\u00eatre total de ce que vous trouverez dans le tableau.<br \/>\nCette\u00a0<strong>grande famille des racines rurales authentiques<\/strong>\u00a0vous invite \u00e0 profiter de la fra\u00eecheur et l\u2019authenticit\u00e9 des produits cultiv\u00e9s.<br \/>\n<strong class=\"blu\">A l\u2019H\u00f4tel Universel vous \u00eates dans la zone verte la plus calme de Riccione, \u00e0 seulement 300 m\u00e8tres de la plage et \u00e0 5 minutes de la station thermale.<br \/>\n<\/strong><br \/>\nVotre s\u00e9jour ici est enrichi avec des moments privil\u00e9gi\u00e9s en compagnie de gens que vous aimez.<\/p>\n","protected":false},"excerpt":{"rendered":"<p>Depuis 1980, la famille Faetani et Patrignani g\u00e8re avec passion l&#8217;H\u00f4tel Universel \u00e0 Riccione. Sauro, Claudia, Rosina, David, Luke et Sarah\u00a0vous accueillent pour un s\u00e9jour bien-\u00eatre total de ce que vous trouverez dans le tableau. Cette\u00a0grande famille des racines rurales authentiques\u00a0vous invite \u00e0 profiter de la fra\u00eecheur et l\u2019authenticit\u00e9 des produits cultiv\u00e9s. A l\u2019H\u00f4tel Universel vous \u00eates dans la zone verte la plus calme de Riccione, \u00e0 seulement 300 m\u00e8tres &#8230;<\/p>\n","protected":false},"author":1,"featured_media":0,"parent":0,"menu_order":0,"comment_status":"closed","ping_status":"closed","template":"","meta":{"_acf_changed":false},"class_list":["post-1131","page","type-page","status-publish","hentry"],"acf":[],"_links":{"self":[{"href":"https:\/\/www.hoteluniversal.net\/fr\/wp-json\/wp\/v2\/pages\/1131","targetHints":{"allow":["GET"]}}],"collection":[{"href":"https:\/\/www.hoteluniversal.net\/fr\/wp-json\/wp\/v2\/pages"}],"about":[{"href":"https:\/\/www.hoteluniversal.net\/fr\/wp-json\/wp\/v2\/types\/page"}],"author":[{"embeddable":true,"href":"https:\/\/www.hoteluniversal.net\/fr\/wp-json\/wp\/v2\/users\/1"}],"replies":[{"embeddable":true,"href":"https:\/\/www.hoteluniversal.net\/fr\/wp-json\/wp\/v2\/comments?post=1131"}],"version-history":[{"count":0,"href":"https:\/\/www.hoteluniversal.net\/fr\/wp-json\/wp\/v2\/pages\/1131\/revisions"}],"wp:attachment":[{"href":"https:\/\/www.hoteluniversal.net\/fr\/wp-json\/wp\/v2\/media?parent=1131"}],"curies":[{"name":"wp","href":"https:\/\/api.w.org\/{rel}","templated":true}]}}