{"id":1133,"date":"2018-10-08T14:48:59","date_gmt":"2018-10-08T12:48:59","guid":{"rendered":"https:\/\/www.hoteluniversal.net\/cucina\/"},"modified":"2024-12-05T09:23:49","modified_gmt":"2024-12-05T08:23:49","slug":"restaurant","status":"publish","type":"page","link":"https:\/\/www.hoteluniversal.net\/fr\/restaurant\/","title":{"rendered":"L\u2019authenticit\u00e9 de la maison"},"content":{"rendered":"<p>Le soleil, la mer, la joie et surtout la bonne nourriture.<br \/>\nA l\u2019H\u00f4tel Universal est un r\u00e9el plaisir de d\u00e9guster les sp\u00e9cialit\u00e9s r\u00e9gionales que chaque jour vous sont servis.<br \/>\nAu d\u00e9jeuner et le d\u00eener, le choix entre <strong class=\"blu\">deux menus de viande et de poisson<\/strong> accompagn\u00e9s d\u2019un riche buffet de hors-d\u2019\u0153uvre, l\u00e9gumes et invitant les contours.<br \/>\nToute modification du menu, vous pouvez: il suffit de parler au personnel pour recevoir des plats pour satisfaire tous les besoins alimentaires.<br \/>\nPour vous pr\u00e9parer \u00e9galement des <strong class=\"blu\">options de lumi\u00e8re et v\u00e9g\u00e9tariens<\/strong>, pour ceux qui aiment rester en forme pendant les vacances.<\/p>\n","protected":false},"excerpt":{"rendered":"<p>Le soleil, la mer, la joie et surtout la bonne nourriture. A l\u2019H\u00f4tel Universal est un r\u00e9el plaisir de d\u00e9guster les sp\u00e9cialit\u00e9s r\u00e9gionales que chaque jour vous sont servis. Au d\u00e9jeuner et le d\u00eener, le choix entre deux menus de viande et de poisson accompagn\u00e9s d\u2019un riche buffet de hors-d\u2019\u0153uvre, l\u00e9gumes et invitant les contours. Toute modification du menu, vous pouvez: il suffit de parler au personnel pour recevoir des &#8230;<\/p>\n","protected":false},"author":1,"featured_media":0,"parent":0,"menu_order":0,"comment_status":"closed","ping_status":"closed","template":"","meta":{"_acf_changed":false},"class_list":["post-1133","page","type-page","status-publish","hentry"],"acf":[],"_links":{"self":[{"href":"https:\/\/www.hoteluniversal.net\/fr\/wp-json\/wp\/v2\/pages\/1133","targetHints":{"allow":["GET"]}}],"collection":[{"href":"https:\/\/www.hoteluniversal.net\/fr\/wp-json\/wp\/v2\/pages"}],"about":[{"href":"https:\/\/www.hoteluniversal.net\/fr\/wp-json\/wp\/v2\/types\/page"}],"author":[{"embeddable":true,"href":"https:\/\/www.hoteluniversal.net\/fr\/wp-json\/wp\/v2\/users\/1"}],"replies":[{"embeddable":true,"href":"https:\/\/www.hoteluniversal.net\/fr\/wp-json\/wp\/v2\/comments?post=1133"}],"version-history":[{"count":0,"href":"https:\/\/www.hoteluniversal.net\/fr\/wp-json\/wp\/v2\/pages\/1133\/revisions"}],"wp:attachment":[{"href":"https:\/\/www.hoteluniversal.net\/fr\/wp-json\/wp\/v2\/media?parent=1133"}],"curies":[{"name":"wp","href":"https:\/\/api.w.org\/{rel}","templated":true}]}}