{"id":1135,"date":"2018-10-08T15:01:37","date_gmt":"2018-10-08T13:01:37","guid":{"rendered":"https:\/\/www.hoteluniversal.net\/colazione\/"},"modified":"2018-12-11T16:04:42","modified_gmt":"2018-12-11T15:04:42","slug":"petit-dejeuner","status":"publish","type":"page","link":"https:\/\/www.hoteluniversal.net\/fr\/petit-dejeuner\/","title":{"rendered":"Un millier de d\u00e9lices pour le petit d\u00e9jeuner"},"content":{"rendered":"<p>Chaque matin <strong class=\"blu\">8:00-10:00<\/strong> \u00e0 l\u2019H\u00f4tel Universel, est l\u2019heure du petit d\u00e9jeuner.<\/p>\n<p>Pendant vos vacances, vous vous r\u00e9veillez avec un sourire parce que vous savez qu\u2019il ya d\u2019attente est un <strong class=\"blu\">grand buffet de plats sucr\u00e9s et sal\u00e9s<\/strong> pour commencer la journ\u00e9e.<br \/>\nVous vous asseyez sur le porche et vous d\u00e9gustez un bon <strong class=\"blu\">espresso<\/strong> ou un <strong class=\"blu\">cappuccino<\/strong> fait selon la meilleure tradition italienne.<\/p>\n","protected":false},"excerpt":{"rendered":"<p>Chaque matin 8:00-10:00 \u00e0 l\u2019H\u00f4tel Universel, est l\u2019heure du petit d\u00e9jeuner. Pendant vos vacances, vous vous r\u00e9veillez avec un sourire parce que vous savez qu\u2019il ya d\u2019attente est un grand buffet de plats sucr\u00e9s et sal\u00e9s pour commencer la journ\u00e9e. Vous vous asseyez sur le porche et vous d\u00e9gustez un bon espresso ou un cappuccino fait selon la meilleure tradition italienne.<\/p>\n","protected":false},"author":1,"featured_media":0,"parent":0,"menu_order":0,"comment_status":"closed","ping_status":"closed","template":"","meta":{"_acf_changed":false},"class_list":["post-1135","page","type-page","status-publish","hentry"],"acf":[],"_links":{"self":[{"href":"https:\/\/www.hoteluniversal.net\/fr\/wp-json\/wp\/v2\/pages\/1135","targetHints":{"allow":["GET"]}}],"collection":[{"href":"https:\/\/www.hoteluniversal.net\/fr\/wp-json\/wp\/v2\/pages"}],"about":[{"href":"https:\/\/www.hoteluniversal.net\/fr\/wp-json\/wp\/v2\/types\/page"}],"author":[{"embeddable":true,"href":"https:\/\/www.hoteluniversal.net\/fr\/wp-json\/wp\/v2\/users\/1"}],"replies":[{"embeddable":true,"href":"https:\/\/www.hoteluniversal.net\/fr\/wp-json\/wp\/v2\/comments?post=1135"}],"version-history":[{"count":0,"href":"https:\/\/www.hoteluniversal.net\/fr\/wp-json\/wp\/v2\/pages\/1135\/revisions"}],"wp:attachment":[{"href":"https:\/\/www.hoteluniversal.net\/fr\/wp-json\/wp\/v2\/media?parent=1135"}],"curies":[{"name":"wp","href":"https:\/\/api.w.org\/{rel}","templated":true}]}}