{"id":1137,"date":"2018-10-05T15:47:22","date_gmt":"2018-10-05T13:47:22","guid":{"rendered":"https:\/\/www.hoteluniversal.net\/terme\/"},"modified":"2024-12-05T11:07:06","modified_gmt":"2024-12-05T10:07:06","slug":"spa","status":"publish","type":"page","link":"https:\/\/www.hoteluniversal.net\/fr\/spa\/","title":{"rendered":"H\u00f4tel pr\u00e8s de Riccione Terme"},"content":{"rendered":"<p>L&#8217;Universal, <strong>h\u00f4tel situ\u00e9 pr\u00e8s de Riccione Terme<\/strong>, est id\u00e9al pour vos vacances de bien-\u00eatre. Riccione renferme un pr\u00e9cieux tr\u00e9sor o\u00f9 le bien-\u00eatre du corps et de l&#8217;esprit est au centre de tout.<\/p>\n<p>Le centre thermal a des origines anciennes et la d\u00e9couverte des propri\u00e9t\u00e9s b\u00e9n\u00e9fiques de ses sources remonte \u00e0 l&#8217;\u00e9poque romaine. Les eaux thermales Isabella, Claudia, Celestina et Adriana se distinguent par leurs effets prodigieux sur l&#8217;organisme. Elles aident l&#8217;organisme \u00e0 mieux fonctionner et renforcent le syst\u00e8me immunitaire.<\/p>\n<p>Outre les cures et les traitements thermaux, vous pouvez vous d\u00e9tendre \u00e0 l&#8217;<strong>Oasi Spa, un centre de bien-\u00eatre<\/strong> qui associe les bienfaits de la boue et de l&#8217;eau \u00e0 des parcours sensoriels, des traitements de beaut\u00e9 et des massages.<\/p>\n<p>Le cadre dans lequel vous pouvez vous d\u00e9tendre est vraiment unique car vous \u00eates immerg\u00e9 dans une pin\u00e8de verdoyante \u00e0 quelques pas de la mer.<br \/>\nGarez-vous directement \u00e0 l&#8217;h\u00f4tel et rejoignez facilement \u00e0 pied cet incroyable lieu de d\u00e9tente.<\/p>\n","protected":false},"excerpt":{"rendered":"<p>L&#8217;Universal, h\u00f4tel situ\u00e9 pr\u00e8s de Riccione Terme, est id\u00e9al pour vos vacances de bien-\u00eatre. Riccione renferme un pr\u00e9cieux tr\u00e9sor o\u00f9 le bien-\u00eatre du corps et de l&#8217;esprit est au centre de tout. Le centre thermal a des origines anciennes et la d\u00e9couverte des propri\u00e9t\u00e9s b\u00e9n\u00e9fiques de ses sources remonte \u00e0 l&#8217;\u00e9poque romaine. Les eaux thermales Isabella, Claudia, Celestina et Adriana se distinguent par leurs effets prodigieux sur l&#8217;organisme. Elles aident &#8230;<\/p>\n","protected":false},"author":1,"featured_media":0,"parent":0,"menu_order":0,"comment_status":"closed","ping_status":"closed","template":"","meta":{"_acf_changed":false},"class_list":["post-1137","page","type-page","status-publish","hentry"],"acf":[],"_links":{"self":[{"href":"https:\/\/www.hoteluniversal.net\/fr\/wp-json\/wp\/v2\/pages\/1137","targetHints":{"allow":["GET"]}}],"collection":[{"href":"https:\/\/www.hoteluniversal.net\/fr\/wp-json\/wp\/v2\/pages"}],"about":[{"href":"https:\/\/www.hoteluniversal.net\/fr\/wp-json\/wp\/v2\/types\/page"}],"author":[{"embeddable":true,"href":"https:\/\/www.hoteluniversal.net\/fr\/wp-json\/wp\/v2\/users\/1"}],"replies":[{"embeddable":true,"href":"https:\/\/www.hoteluniversal.net\/fr\/wp-json\/wp\/v2\/comments?post=1137"}],"version-history":[{"count":0,"href":"https:\/\/www.hoteluniversal.net\/fr\/wp-json\/wp\/v2\/pages\/1137\/revisions"}],"wp:attachment":[{"href":"https:\/\/www.hoteluniversal.net\/fr\/wp-json\/wp\/v2\/media?parent=1137"}],"curies":[{"name":"wp","href":"https:\/\/api.w.org\/{rel}","templated":true}]}}