{"id":1139,"date":"2017-10-23T15:57:14","date_gmt":"2017-10-23T13:57:14","guid":{"rendered":"https:\/\/www.hoteluniversal.net\/camere\/"},"modified":"2018-12-11T16:27:28","modified_gmt":"2018-12-11T15:27:28","slug":"chambres","status":"publish","type":"page","link":"https:\/\/www.hoteluniversal.net\/fr\/chambres\/","title":{"rendered":"Tout le confort que vous voulez"},"content":{"rendered":"<p>Fermez vos yeux et d\u00e9tendez-vous, vous \u00eates enfin en vacances.<br \/>\nVotre chambre \u00e0 l\u2019H\u00f4tel Universel est l\u2019endroit id\u00e9al pour le calme et reposant r\u00eaves heures de d\u00e9tente et de bien-\u00eatre.<br \/>\nIci vous avez toutes les commodit\u00e9s que vous vouliez pour un s\u00e9jour paisible et tranquille.<br \/>\nTous les espaces ont \u00e9t\u00e9 r\u00e9cemment r\u00e9nov\u00e9es, suivent un <span class=\"blu\">design simple, fonctionnel<\/span> et vous accueillent avec un parfum frais et propre.<\/p>\n","protected":false},"excerpt":{"rendered":"<p>Fermez vos yeux et d\u00e9tendez-vous, vous \u00eates enfin en vacances. Votre chambre \u00e0 l\u2019H\u00f4tel Universel est l\u2019endroit id\u00e9al pour le calme et reposant r\u00eaves heures de d\u00e9tente et de bien-\u00eatre. Ici vous avez toutes les commodit\u00e9s que vous vouliez pour un s\u00e9jour paisible et tranquille. Tous les espaces ont \u00e9t\u00e9 r\u00e9cemment r\u00e9nov\u00e9es, suivent un design simple, fonctionnel et vous accueillent avec un parfum frais et propre.<\/p>\n","protected":false},"author":1,"featured_media":0,"parent":0,"menu_order":0,"comment_status":"closed","ping_status":"closed","template":"template\/template.camere.php","meta":{"_acf_changed":false},"class_list":["post-1139","page","type-page","status-publish","hentry"],"acf":[],"_links":{"self":[{"href":"https:\/\/www.hoteluniversal.net\/fr\/wp-json\/wp\/v2\/pages\/1139","targetHints":{"allow":["GET"]}}],"collection":[{"href":"https:\/\/www.hoteluniversal.net\/fr\/wp-json\/wp\/v2\/pages"}],"about":[{"href":"https:\/\/www.hoteluniversal.net\/fr\/wp-json\/wp\/v2\/types\/page"}],"author":[{"embeddable":true,"href":"https:\/\/www.hoteluniversal.net\/fr\/wp-json\/wp\/v2\/users\/1"}],"replies":[{"embeddable":true,"href":"https:\/\/www.hoteluniversal.net\/fr\/wp-json\/wp\/v2\/comments?post=1139"}],"version-history":[{"count":0,"href":"https:\/\/www.hoteluniversal.net\/fr\/wp-json\/wp\/v2\/pages\/1139\/revisions"}],"wp:attachment":[{"href":"https:\/\/www.hoteluniversal.net\/fr\/wp-json\/wp\/v2\/media?parent=1139"}],"curies":[{"name":"wp","href":"https:\/\/api.w.org\/{rel}","templated":true}]}}