{"id":1140,"date":"2018-10-08T14:46:01","date_gmt":"2018-10-08T12:46:01","guid":{"rendered":"https:\/\/www.hoteluniversal.net\/servizi\/"},"modified":"2026-02-16T10:39:37","modified_gmt":"2026-02-16T09:39:37","slug":"service","status":"publish","type":"page","link":"https:\/\/www.hoteluniversal.net\/fr\/service\/","title":{"rendered":"Vos vacances non seulement de la mer\u2026"},"content":{"rendered":"<p>L\u2019H\u00f4tel Universel vous aime remplir avec soin et offrent un cadre unique, plein de joie et <a href=\"https:\/\/www.hoteluniversal.net\/fr\/jeunes\/\" target=\"_blank\" rel=\"noopener\">de plaisir pour tous les \u00e2ges<\/a>. Confort commence la minute o\u00f9 vous arrivez, parce que votre voiture dans le <strong class=\"blu\">parking <\/strong>devant l\u2019H\u00f4tel (sous r\u00e9serve de disponibilit\u00e9).<\/p>\n","protected":false},"excerpt":{"rendered":"<p>L\u2019H\u00f4tel Universel vous aime remplir avec soin et offrent un cadre unique, plein de joie et de plaisir pour tous les \u00e2ges. Confort commence la minute o\u00f9 vous arrivez, parce que votre voiture dans le parking devant l\u2019H\u00f4tel (sous r\u00e9serve de disponibilit\u00e9).<\/p>\n","protected":false},"author":1,"featured_media":0,"parent":0,"menu_order":0,"comment_status":"closed","ping_status":"closed","template":"","meta":{"_acf_changed":false},"class_list":["post-1140","page","type-page","status-publish","hentry"],"acf":[],"_links":{"self":[{"href":"https:\/\/www.hoteluniversal.net\/fr\/wp-json\/wp\/v2\/pages\/1140","targetHints":{"allow":["GET"]}}],"collection":[{"href":"https:\/\/www.hoteluniversal.net\/fr\/wp-json\/wp\/v2\/pages"}],"about":[{"href":"https:\/\/www.hoteluniversal.net\/fr\/wp-json\/wp\/v2\/types\/page"}],"author":[{"embeddable":true,"href":"https:\/\/www.hoteluniversal.net\/fr\/wp-json\/wp\/v2\/users\/1"}],"replies":[{"embeddable":true,"href":"https:\/\/www.hoteluniversal.net\/fr\/wp-json\/wp\/v2\/comments?post=1140"}],"version-history":[{"count":0,"href":"https:\/\/www.hoteluniversal.net\/fr\/wp-json\/wp\/v2\/pages\/1140\/revisions"}],"wp:attachment":[{"href":"https:\/\/www.hoteluniversal.net\/fr\/wp-json\/wp\/v2\/media?parent=1140"}],"curies":[{"name":"wp","href":"https:\/\/api.w.org\/{rel}","templated":true}]}}