{"id":1144,"date":"2018-10-08T15:06:44","date_gmt":"2018-10-08T13:06:44","guid":{"rendered":"https:\/\/www.hoteluniversal.net\/vicino-alle-discoteche\/"},"modified":"2018-11-15T10:11:49","modified_gmt":"2018-11-15T09:11:49","slug":"jeunes","status":"publish","type":"page","link":"https:\/\/www.hoteluniversal.net\/fr\/jeunes\/","title":{"rendered":"Les jeunes aiment Universal"},"content":{"rendered":"<p>Vous \u00eates jeune et vous savez que Riccione la nuit se transforme en un terrain de jeu magique et lumineux?<br \/>\n<strong class=\"blu\">L\u2019H\u00f4tel Universal est parfait pour une entreprise de vos vacances amis de loisirs.<\/strong><br \/>\nPr\u00e9parez vos valises, votre \u00e9t\u00e9 sur la c\u00f4te adriatique n\u2019a jamais \u00e9t\u00e9 aussi parfait!<\/p>\n","protected":false},"excerpt":{"rendered":"<p>Vous \u00eates jeune et vous savez que Riccione la nuit se transforme en un terrain de jeu magique et lumineux? L\u2019H\u00f4tel Universal est parfait pour une entreprise de vos vacances amis de loisirs. Pr\u00e9parez vos valises, votre \u00e9t\u00e9 sur la c\u00f4te adriatique n\u2019a jamais \u00e9t\u00e9 aussi parfait!<\/p>\n","protected":false},"author":1,"featured_media":0,"parent":0,"menu_order":0,"comment_status":"closed","ping_status":"closed","template":"","meta":{"_acf_changed":false},"class_list":["post-1144","page","type-page","status-publish","hentry"],"acf":[],"_links":{"self":[{"href":"https:\/\/www.hoteluniversal.net\/fr\/wp-json\/wp\/v2\/pages\/1144","targetHints":{"allow":["GET"]}}],"collection":[{"href":"https:\/\/www.hoteluniversal.net\/fr\/wp-json\/wp\/v2\/pages"}],"about":[{"href":"https:\/\/www.hoteluniversal.net\/fr\/wp-json\/wp\/v2\/types\/page"}],"author":[{"embeddable":true,"href":"https:\/\/www.hoteluniversal.net\/fr\/wp-json\/wp\/v2\/users\/1"}],"replies":[{"embeddable":true,"href":"https:\/\/www.hoteluniversal.net\/fr\/wp-json\/wp\/v2\/comments?post=1144"}],"version-history":[{"count":0,"href":"https:\/\/www.hoteluniversal.net\/fr\/wp-json\/wp\/v2\/pages\/1144\/revisions"}],"wp:attachment":[{"href":"https:\/\/www.hoteluniversal.net\/fr\/wp-json\/wp\/v2\/media?parent=1144"}],"curies":[{"name":"wp","href":"https:\/\/api.w.org\/{rel}","templated":true}]}}