{"id":1148,"date":"2017-09-15T16:02:24","date_gmt":"2017-09-15T14:02:24","guid":{"rendered":"https:\/\/www.hoteluniversal.net\/dove-siamo\/"},"modified":"2018-11-29T14:35:30","modified_gmt":"2018-11-29T13:35:30","slug":"ou-nous-sommes","status":"publish","type":"page","link":"https:\/\/www.hoteluniversal.net\/fr\/ou-nous-sommes\/","title":{"rendered":"O\u00f9 nous sommes"},"content":{"rendered":"<div class=\"directions\">\n<p><img loading=\"lazy\" decoding=\"async\" class=\"size-full wp-image-828 alignleft\" src=\"https:\/\/www.hoteluniversal.net\/wp-content\/uploads\/2018\/10\/car-125x125.png\" alt=\"\" width=\"125\" height=\"125\" data-big-size=\"125x125\" \/><\/p>\n<h2>Autoroute<\/h2>\n<p>Laissez l\u2019autoroute A14 \u00e0 Riccione maintien gauche. Continuer tout droit sur Viale Berlinguer pour environ 3 km et la quatri\u00e8me \u00e0 droite rond-point de virage sur la SS16. Continuez jusqu\u2019\u00e0 un grand rond-point avec cinq boules blanches et prendre la deuxi\u00e8me sortie en direction de Mare-Terme. Continuez tout droit sur Via Verrazzano jusqu\u2019au rond-point. Ici, prendre la deuxi\u00e8me sortie dans Viale Vespucci puis tournez imm\u00e9diatement \u00e0 droite dans Viale Volta. Voyage de la route jusqu\u2019au bout, tourner \u00e0 gauche dans Via Colombo, puis \u00e0 nouveau \u00e0 gauche dans la Via Galileo Galilei. L\u2019H\u00f4tel Universel, vous trouverez \u00e0 votre gauche \u00e0 l\u2019intersection avec Via Amerigo Vespucci. <strong class=\"blu\">A 10 minutes en voiture<\/strong> de six \u00e0 destination.<\/p>\n<\/div>\n<div class=\"directions\">\n<p><img loading=\"lazy\" decoding=\"async\" class=\"size-full wp-image-834 alignleft\" src=\"https:\/\/www.hoteluniversal.net\/wp-content\/uploads\/2018\/10\/treno-125x125.png\" alt=\"\" width=\"125\" height=\"125\" data-big-size=\"125x125\" \/><\/p>\n<h2>De la station<\/h2>\n<p>La gare de Riccione est un <strong class=\"blu\">peu plus d\u2019un kilom\u00e8tre de l\u2019H\u00f4tel Universel<\/strong>. A pied le temps de trajet est d\u2019environ un quart d\u2019heure, 17 minutes en transports en commun et \u00e0 5 minutes en taxi.<\/p>\n<\/div>\n<div class=\"directions\">\n<p><img loading=\"lazy\" decoding=\"async\" class=\"size-full wp-image-828 alignleft\" src=\"https:\/\/www.hoteluniversal.net\/wp-content\/uploads\/2018\/10\/departures-125x125.png\" alt=\"\" width=\"125\" height=\"125\" data-big-size=\"125x125\" \/><\/p>\n<h2>A\u00e9roport<\/h2>\n<p>Rimini Fellini A\u00e9roport <strong class=\"blu\">est d\u2019environ 6 km de l\u2019H\u00f4tel Universel<\/strong>. A la sortie, vous trouverez un service de taxi confortable qui vous emm\u00e8ne directement \u00e0 l\u2019H\u00f4tel ou la ligne 124 ou 11 que vous laissez pr\u00e8s de la structure.<\/p>\n<\/div>\n","protected":false},"excerpt":{"rendered":"<p>Autoroute Laissez l\u2019autoroute A14 \u00e0 Riccione maintien gauche. Continuer tout droit sur Viale Berlinguer pour environ 3 km et la quatri\u00e8me \u00e0 droite rond-point de virage sur la SS16. Continuez jusqu\u2019\u00e0 un grand rond-point avec cinq boules blanches et prendre la deuxi\u00e8me sortie en direction de Mare-Terme. Continuez tout droit sur Via Verrazzano jusqu\u2019au rond-point. Ici, prendre la deuxi\u00e8me sortie dans Viale Vespucci puis tournez imm\u00e9diatement \u00e0 droite dans Viale &#8230;<\/p>\n","protected":false},"author":1,"featured_media":0,"parent":0,"menu_order":0,"comment_status":"closed","ping_status":"closed","template":"template\/template.punti-di-interesse.php","meta":{"_acf_changed":false},"class_list":["post-1148","page","type-page","status-publish","hentry"],"acf":[],"_links":{"self":[{"href":"https:\/\/www.hoteluniversal.net\/fr\/wp-json\/wp\/v2\/pages\/1148","targetHints":{"allow":["GET"]}}],"collection":[{"href":"https:\/\/www.hoteluniversal.net\/fr\/wp-json\/wp\/v2\/pages"}],"about":[{"href":"https:\/\/www.hoteluniversal.net\/fr\/wp-json\/wp\/v2\/types\/page"}],"author":[{"embeddable":true,"href":"https:\/\/www.hoteluniversal.net\/fr\/wp-json\/wp\/v2\/users\/1"}],"replies":[{"embeddable":true,"href":"https:\/\/www.hoteluniversal.net\/fr\/wp-json\/wp\/v2\/comments?post=1148"}],"version-history":[{"count":0,"href":"https:\/\/www.hoteluniversal.net\/fr\/wp-json\/wp\/v2\/pages\/1148\/revisions"}],"wp:attachment":[{"href":"https:\/\/www.hoteluniversal.net\/fr\/wp-json\/wp\/v2\/media?parent=1148"}],"curies":[{"name":"wp","href":"https:\/\/api.w.org\/{rel}","templated":true}]}}