{"id":1292,"date":"2018-10-08T16:13:08","date_gmt":"2018-10-08T14:13:08","guid":{"rendered":"https:\/\/www.hoteluniversal.net\/dati-societari\/"},"modified":"2018-12-28T14:25:17","modified_gmt":"2018-12-28T13:25:17","slug":"donnees-sur-la-societe","status":"publish","type":"page","link":"https:\/\/www.hoteluniversal.net\/fr\/donnees-sur-la-societe\/","title":{"rendered":"Donn\u00e9es sur la soci\u00e9t\u00e9"},"content":{"rendered":"<ul>\n<li style=\"text-align: left;\">Nom de l&#8217;entreprise: UNIVERSAL DI FAETANI E C.\u00a0 S.N.C<\/li>\n<li style=\"text-align: left;\">Si\u00e8ge social: VIA VESPUCCI 3 &#8211; 47838 RICCIONE (RN)<\/li>\n<li style=\"text-align: left;\">Registre du commerce: CAMERA COMMERCIO INDUSTRIA ARTIGIANATO E AGRICOLTURA DI RIMINI<\/li>\n<li style=\"text-align: left;\">Capital social:\u00a0 \u20ac 20.658,28<\/li>\n<li style=\"text-align: left;\">Code fiscal et num\u00e9ro de TVA: 1232930402<\/li>\n<li style=\"text-align: left;\">E-mail certifi\u00e9 (PEC): victoriasrl@registerpec.it<\/li>\n<li style=\"text-align: left;\">Bureau d&#8217;enregistrement o\u00f9 vous \u00eates inscrit: UFICIO FORLI CESENA; ISCRITTO NELLA SEZIONE ORDINARIA IL 19\/2\/1996<\/li>\n<li style=\"text-align: left;\">Nombre de r\u00e9pertoires administratifs administratifs (Rea): FO-184215<\/li>\n<li style=\"text-align: left;\">Capital budg\u00e9taire (soci\u00e9t\u00e9 de capitaux): \u20ac 20.658,28<\/li>\n<li style=\"text-align: left;\">Liquidation \u00e9ventuelle apr\u00e8s dissolution: \/<\/li>\n<li style=\"text-align: left;\">Statut d&#8217;entreprise possible avec un seul membre (Spa e Srl unipersonali): \/<\/li>\n<li style=\"text-align: left;\">Soci\u00e9t\u00e9 ou entit\u00e9 dont l&#8217;activit\u00e9 de gestion et de coordination est soumise \u00e0 la (art. 2497-bis c.c): \/<\/li>\n<\/ul>\n","protected":false},"excerpt":{"rendered":"<p>Nom de l&#8217;entreprise: UNIVERSAL DI FAETANI E C.\u00a0 S.N.C Si\u00e8ge social: VIA VESPUCCI 3 &#8211; 47838 RICCIONE (RN) Registre du commerce: CAMERA COMMERCIO INDUSTRIA ARTIGIANATO E AGRICOLTURA DI RIMINI Capital social:\u00a0 \u20ac 20.658,28 Code fiscal et num\u00e9ro de TVA: 1232930402 E-mail certifi\u00e9 (PEC): victoriasrl@registerpec.it Bureau d&#8217;enregistrement o\u00f9 vous \u00eates inscrit: UFICIO FORLI CESENA; ISCRITTO NELLA SEZIONE ORDINARIA IL 19\/2\/1996 Nombre de r\u00e9pertoires administratifs administratifs (Rea): FO-184215 Capital budg\u00e9taire (soci\u00e9t\u00e9 de &#8230;<\/p>\n","protected":false},"author":1,"featured_media":0,"parent":0,"menu_order":0,"comment_status":"closed","ping_status":"closed","template":"","meta":{"_acf_changed":false},"class_list":["post-1292","page","type-page","status-publish","hentry"],"acf":[],"_links":{"self":[{"href":"https:\/\/www.hoteluniversal.net\/fr\/wp-json\/wp\/v2\/pages\/1292","targetHints":{"allow":["GET"]}}],"collection":[{"href":"https:\/\/www.hoteluniversal.net\/fr\/wp-json\/wp\/v2\/pages"}],"about":[{"href":"https:\/\/www.hoteluniversal.net\/fr\/wp-json\/wp\/v2\/types\/page"}],"author":[{"embeddable":true,"href":"https:\/\/www.hoteluniversal.net\/fr\/wp-json\/wp\/v2\/users\/1"}],"replies":[{"embeddable":true,"href":"https:\/\/www.hoteluniversal.net\/fr\/wp-json\/wp\/v2\/comments?post=1292"}],"version-history":[{"count":0,"href":"https:\/\/www.hoteluniversal.net\/fr\/wp-json\/wp\/v2\/pages\/1292\/revisions"}],"wp:attachment":[{"href":"https:\/\/www.hoteluniversal.net\/fr\/wp-json\/wp\/v2\/media?parent=1292"}],"curies":[{"name":"wp","href":"https:\/\/api.w.org\/{rel}","templated":true}]}}